{"id":10940,"date":"2024-08-18T11:25:44","date_gmt":"2024-08-18T11:25:44","guid":{"rendered":"https:\/\/pastashop-merano.com\/shop\/pasta-shop-muehle-mit-salatgewuerz-55gr\/"},"modified":"2024-08-18T11:25:44","modified_gmt":"2024-08-18T11:25:44","slug":"pasta-shop-muehle-mit-salatgewuerz-55gr","status":"publish","type":"product","link":"https:\/\/pastashop-merano.com\/de\/produkt\/pasta-shop-muehle-mit-salatgewuerz-55gr\/","title":{"rendered":"Pasta Shop M\u00fchle mit Salatgew\u00fcrz 55gr"},"content":{"rendered":"","protected":false},"excerpt":{"rendered":"<p>Pasta Shop M\u00fchle mit Salatgew\u00fcrz &#8211; 55gr.<\/p>\n","protected":false},"featured_media":10936,"template":"","meta":{"_acf_changed":false},"product_brand":[],"product_cat":[167],"product_tag":[],"class_list":{"0":"post-10940","1":"product","2":"type-product","3":"status-publish","4":"has-post-thumbnail","6":"product_cat-gewuerze","8":"first","9":"instock","10":"shipping-taxable","11":"purchasable","12":"product-type-simple"},"acf":[],"_links":{"self":[{"href":"https:\/\/pastashop-merano.com\/de\/wp-json\/wp\/v2\/product\/10940","targetHints":{"allow":["GET"]}}],"collection":[{"href":"https:\/\/pastashop-merano.com\/de\/wp-json\/wp\/v2\/product"}],"about":[{"href":"https:\/\/pastashop-merano.com\/de\/wp-json\/wp\/v2\/types\/product"}],"wp:featuredmedia":[{"embeddable":true,"href":"https:\/\/pastashop-merano.com\/de\/wp-json\/wp\/v2\/media\/10936"}],"wp:attachment":[{"href":"https:\/\/pastashop-merano.com\/de\/wp-json\/wp\/v2\/media?parent=10940"}],"wp:term":[{"taxonomy":"product_brand","embeddable":true,"href":"https:\/\/pastashop-merano.com\/de\/wp-json\/wp\/v2\/product_brand?post=10940"},{"taxonomy":"product_cat","embeddable":true,"href":"https:\/\/pastashop-merano.com\/de\/wp-json\/wp\/v2\/product_cat?post=10940"},{"taxonomy":"product_tag","embeddable":true,"href":"https:\/\/pastashop-merano.com\/de\/wp-json\/wp\/v2\/product_tag?post=10940"}],"curies":[{"name":"wp","href":"https:\/\/api.w.org\/{rel}","templated":true}]}}