{"id":10999,"date":"2024-08-18T11:50:43","date_gmt":"2024-08-18T11:50:43","guid":{"rendered":"https:\/\/pastashop-merano.com\/shop\/pasta-shop-muehle-fuer-fisch-50gr\/"},"modified":"2024-08-18T11:50:43","modified_gmt":"2024-08-18T11:50:43","slug":"pasta-shop-muehle-fuer-fisch-50gr","status":"publish","type":"product","link":"https:\/\/pastashop-merano.com\/de\/produkt\/pasta-shop-muehle-fuer-fisch-50gr\/","title":{"rendered":"Pasta Shop M\u00fchle f\u00fcr Fisch 50gr"},"content":{"rendered":"","protected":false},"excerpt":{"rendered":"<p>Pasta Shop M\u00fchle f\u00fcr Fisch &#8211; 50gr.<\/p>\n","protected":false},"featured_media":10994,"template":"","meta":{"_acf_changed":false},"product_brand":[],"product_cat":[167],"product_tag":[],"class_list":{"0":"post-10999","1":"product","2":"type-product","3":"status-publish","4":"has-post-thumbnail","6":"product_cat-gewuerze","8":"first","9":"instock","10":"shipping-taxable","11":"purchasable","12":"product-type-simple"},"acf":[],"_links":{"self":[{"href":"https:\/\/pastashop-merano.com\/de\/wp-json\/wp\/v2\/product\/10999","targetHints":{"allow":["GET"]}}],"collection":[{"href":"https:\/\/pastashop-merano.com\/de\/wp-json\/wp\/v2\/product"}],"about":[{"href":"https:\/\/pastashop-merano.com\/de\/wp-json\/wp\/v2\/types\/product"}],"wp:featuredmedia":[{"embeddable":true,"href":"https:\/\/pastashop-merano.com\/de\/wp-json\/wp\/v2\/media\/10994"}],"wp:attachment":[{"href":"https:\/\/pastashop-merano.com\/de\/wp-json\/wp\/v2\/media?parent=10999"}],"wp:term":[{"taxonomy":"product_brand","embeddable":true,"href":"https:\/\/pastashop-merano.com\/de\/wp-json\/wp\/v2\/product_brand?post=10999"},{"taxonomy":"product_cat","embeddable":true,"href":"https:\/\/pastashop-merano.com\/de\/wp-json\/wp\/v2\/product_cat?post=10999"},{"taxonomy":"product_tag","embeddable":true,"href":"https:\/\/pastashop-merano.com\/de\/wp-json\/wp\/v2\/product_tag?post=10999"}],"curies":[{"name":"wp","href":"https:\/\/api.w.org\/{rel}","templated":true}]}}