{"id":12729,"date":"2025-04-10T14:16:01","date_gmt":"2025-04-10T14:16:01","guid":{"rendered":"https:\/\/pastashop-merano.com\/shop\/pasta-shop-kit-maccheroni-mit-trueffeloel-500gr\/"},"modified":"2025-04-10T14:16:01","modified_gmt":"2025-04-10T14:16:01","slug":"pasta-shop-kit-maccheroni-mit-trueffeloel-500gr","status":"publish","type":"product","link":"https:\/\/pastashop-merano.com\/de\/produkt\/pasta-shop-kit-maccheroni-mit-trueffeloel-500gr\/","title":{"rendered":"Pasta Shop Kit Maccheroni mit Tr\u00fcffel\u00f6l 500gr"},"content":{"rendered":"","protected":false},"excerpt":{"rendered":"<p>Pasta Shop Kit Maccheroni mit Tr\u00fcffel\u00f6l &#8211; 500gr.<\/p>\n","protected":false},"featured_media":12688,"template":"","meta":{"_acf_changed":false},"product_brand":[],"product_cat":[344,188],"product_tag":[],"class_list":{"0":"post-12729","1":"product","2":"type-product","3":"status-publish","4":"has-post-thumbnail","6":"product_cat-geschenkpaket","7":"product_cat-trueffel","9":"first","10":"outofstock","11":"shipping-taxable","12":"purchasable","13":"product-type-simple"},"acf":[],"_links":{"self":[{"href":"https:\/\/pastashop-merano.com\/de\/wp-json\/wp\/v2\/product\/12729","targetHints":{"allow":["GET"]}}],"collection":[{"href":"https:\/\/pastashop-merano.com\/de\/wp-json\/wp\/v2\/product"}],"about":[{"href":"https:\/\/pastashop-merano.com\/de\/wp-json\/wp\/v2\/types\/product"}],"wp:featuredmedia":[{"embeddable":true,"href":"https:\/\/pastashop-merano.com\/de\/wp-json\/wp\/v2\/media\/12688"}],"wp:attachment":[{"href":"https:\/\/pastashop-merano.com\/de\/wp-json\/wp\/v2\/media?parent=12729"}],"wp:term":[{"taxonomy":"product_brand","embeddable":true,"href":"https:\/\/pastashop-merano.com\/de\/wp-json\/wp\/v2\/product_brand?post=12729"},{"taxonomy":"product_cat","embeddable":true,"href":"https:\/\/pastashop-merano.com\/de\/wp-json\/wp\/v2\/product_cat?post=12729"},{"taxonomy":"product_tag","embeddable":true,"href":"https:\/\/pastashop-merano.com\/de\/wp-json\/wp\/v2\/product_tag?post=12729"}],"curies":[{"name":"wp","href":"https:\/\/api.w.org\/{rel}","templated":true}]}}