{"id":13608,"date":"2025-07-26T18:21:22","date_gmt":"2025-07-26T18:21:22","guid":{"rendered":"https:\/\/pastashop-merano.com\/shop\/pasta-shop-i-pelati-550gr\/"},"modified":"2025-07-26T18:21:22","modified_gmt":"2025-07-26T18:21:22","slug":"pasta-shop-i-pelati-550gr","status":"publish","type":"product","link":"https:\/\/pastashop-merano.com\/de\/produkt\/pasta-shop-i-pelati-550gr\/","title":{"rendered":"Pasta Shop I Pelati 550gr"},"content":{"rendered":"","protected":false},"excerpt":{"rendered":"<p>Pasta Shop I Pelati &#8211; 550gr.<\/p>\n<p>Apulische Tomaten, handgesch\u00e4lt und naturbelassen, perfekt f\u00fcr die Zubereitung von Tomatenso\u00dfe.<\/p>\n","protected":false},"featured_media":13528,"template":"","meta":{"_acf_changed":false},"product_brand":[],"product_cat":[46],"product_tag":[],"class_list":{"0":"post-13608","1":"product","2":"type-product","3":"status-publish","4":"has-post-thumbnail","6":"product_cat-saucen","8":"first","9":"outofstock","10":"shipping-taxable","11":"purchasable","12":"product-type-simple"},"acf":[],"_links":{"self":[{"href":"https:\/\/pastashop-merano.com\/de\/wp-json\/wp\/v2\/product\/13608","targetHints":{"allow":["GET"]}}],"collection":[{"href":"https:\/\/pastashop-merano.com\/de\/wp-json\/wp\/v2\/product"}],"about":[{"href":"https:\/\/pastashop-merano.com\/de\/wp-json\/wp\/v2\/types\/product"}],"wp:featuredmedia":[{"embeddable":true,"href":"https:\/\/pastashop-merano.com\/de\/wp-json\/wp\/v2\/media\/13528"}],"wp:attachment":[{"href":"https:\/\/pastashop-merano.com\/de\/wp-json\/wp\/v2\/media?parent=13608"}],"wp:term":[{"taxonomy":"product_brand","embeddable":true,"href":"https:\/\/pastashop-merano.com\/de\/wp-json\/wp\/v2\/product_brand?post=13608"},{"taxonomy":"product_cat","embeddable":true,"href":"https:\/\/pastashop-merano.com\/de\/wp-json\/wp\/v2\/product_cat?post=13608"},{"taxonomy":"product_tag","embeddable":true,"href":"https:\/\/pastashop-merano.com\/de\/wp-json\/wp\/v2\/product_tag?post=13608"}],"curies":[{"name":"wp","href":"https:\/\/api.w.org\/{rel}","templated":true}]}}