{"id":4435,"date":"2022-05-07T10:54:17","date_gmt":"2022-05-07T10:54:17","guid":{"rendered":"https:\/\/pastashop-merano.com\/?post_type=product&#038;p=4435"},"modified":"2025-04-12T20:52:09","modified_gmt":"2025-04-12T20:52:09","slug":"sommertrueffelscheiben-in-olivenoel-35gr","status":"publish","type":"product","link":"https:\/\/pastashop-merano.com\/de\/produkt\/sommertrueffelscheiben-in-olivenoel-35gr\/","title":{"rendered":"Pasta Shop Sommertr\u00fcffelscheiben in Oliven\u00f6l 35gr"},"content":{"rendered":"","protected":false},"excerpt":{"rendered":"<p>Sommertr\u00fcffelscheiben in Oliven\u00f6l &#8211; 35gr.<\/p>\n","protected":false},"featured_media":4428,"template":"","meta":{"_acf_changed":false},"product_brand":[],"product_cat":[188],"product_tag":[],"class_list":{"0":"post-4435","1":"product","2":"type-product","3":"status-publish","4":"has-post-thumbnail","6":"product_cat-trueffel","8":"first","9":"outofstock","10":"shipping-taxable","11":"purchasable","12":"product-type-simple"},"acf":[],"_links":{"self":[{"href":"https:\/\/pastashop-merano.com\/de\/wp-json\/wp\/v2\/product\/4435","targetHints":{"allow":["GET"]}}],"collection":[{"href":"https:\/\/pastashop-merano.com\/de\/wp-json\/wp\/v2\/product"}],"about":[{"href":"https:\/\/pastashop-merano.com\/de\/wp-json\/wp\/v2\/types\/product"}],"wp:featuredmedia":[{"embeddable":true,"href":"https:\/\/pastashop-merano.com\/de\/wp-json\/wp\/v2\/media\/4428"}],"wp:attachment":[{"href":"https:\/\/pastashop-merano.com\/de\/wp-json\/wp\/v2\/media?parent=4435"}],"wp:term":[{"taxonomy":"product_brand","embeddable":true,"href":"https:\/\/pastashop-merano.com\/de\/wp-json\/wp\/v2\/product_brand?post=4435"},{"taxonomy":"product_cat","embeddable":true,"href":"https:\/\/pastashop-merano.com\/de\/wp-json\/wp\/v2\/product_cat?post=4435"},{"taxonomy":"product_tag","embeddable":true,"href":"https:\/\/pastashop-merano.com\/de\/wp-json\/wp\/v2\/product_tag?post=4435"}],"curies":[{"name":"wp","href":"https:\/\/api.w.org\/{rel}","templated":true}]}}