{"id":4447,"date":"2022-05-07T10:57:34","date_gmt":"2022-05-07T10:57:34","guid":{"rendered":"https:\/\/pastashop-merano.com\/?post_type=product&#038;p=4447"},"modified":"2025-04-12T20:51:36","modified_gmt":"2025-04-12T20:51:36","slug":"salz-mit-weissem-trueffel-30gr","status":"publish","type":"product","link":"https:\/\/pastashop-merano.com\/de\/produkt\/salz-mit-weissem-trueffel-30gr\/","title":{"rendered":"Pasta Shop Salz mit Wei\u00dfem Tr\u00fcffel 30gr"},"content":{"rendered":"","protected":false},"excerpt":{"rendered":"<p>Salz mit Wei\u00dfem Tr\u00fcffel &#8211; 30gr.<\/p>\n","protected":false},"featured_media":4440,"template":"","meta":{"_acf_changed":false},"product_brand":[],"product_cat":[188],"product_tag":[],"class_list":{"0":"post-4447","1":"product","2":"type-product","3":"status-publish","4":"has-post-thumbnail","6":"product_cat-trueffel","8":"first","9":"instock","10":"shipping-taxable","11":"purchasable","12":"product-type-simple"},"acf":[],"_links":{"self":[{"href":"https:\/\/pastashop-merano.com\/de\/wp-json\/wp\/v2\/product\/4447","targetHints":{"allow":["GET"]}}],"collection":[{"href":"https:\/\/pastashop-merano.com\/de\/wp-json\/wp\/v2\/product"}],"about":[{"href":"https:\/\/pastashop-merano.com\/de\/wp-json\/wp\/v2\/types\/product"}],"wp:featuredmedia":[{"embeddable":true,"href":"https:\/\/pastashop-merano.com\/de\/wp-json\/wp\/v2\/media\/4440"}],"wp:attachment":[{"href":"https:\/\/pastashop-merano.com\/de\/wp-json\/wp\/v2\/media?parent=4447"}],"wp:term":[{"taxonomy":"product_brand","embeddable":true,"href":"https:\/\/pastashop-merano.com\/de\/wp-json\/wp\/v2\/product_brand?post=4447"},{"taxonomy":"product_cat","embeddable":true,"href":"https:\/\/pastashop-merano.com\/de\/wp-json\/wp\/v2\/product_cat?post=4447"},{"taxonomy":"product_tag","embeddable":true,"href":"https:\/\/pastashop-merano.com\/de\/wp-json\/wp\/v2\/product_tag?post=4447"}],"curies":[{"name":"wp","href":"https:\/\/api.w.org\/{rel}","templated":true}]}}