{"id":4456,"date":"2022-05-07T11:01:19","date_gmt":"2022-05-07T11:01:19","guid":{"rendered":"https:\/\/pastashop-merano.com\/?post_type=product&#038;p=4456"},"modified":"2025-04-12T20:51:04","modified_gmt":"2025-04-12T20:51:04","slug":"weisse-trueffelsauce-130gr","status":"publish","type":"product","link":"https:\/\/pastashop-merano.com\/de\/produkt\/weisse-trueffelsauce-130gr\/","title":{"rendered":"Pasta Shop Wei\u00dfe Tr\u00fcffelsauce 130gr"},"content":{"rendered":"","protected":false},"excerpt":{"rendered":"<p>Wei\u00dfe Tr\u00fcffelsauce &#8211; 130gr.<\/p>\n","protected":false},"featured_media":4455,"template":"","meta":{"_acf_changed":false},"product_brand":[],"product_cat":[188],"product_tag":[],"class_list":{"0":"post-4456","1":"product","2":"type-product","3":"status-publish","4":"has-post-thumbnail","6":"product_cat-trueffel","8":"first","9":"instock","10":"shipping-taxable","11":"purchasable","12":"product-type-simple"},"acf":[],"_links":{"self":[{"href":"https:\/\/pastashop-merano.com\/de\/wp-json\/wp\/v2\/product\/4456","targetHints":{"allow":["GET"]}}],"collection":[{"href":"https:\/\/pastashop-merano.com\/de\/wp-json\/wp\/v2\/product"}],"about":[{"href":"https:\/\/pastashop-merano.com\/de\/wp-json\/wp\/v2\/types\/product"}],"wp:featuredmedia":[{"embeddable":true,"href":"https:\/\/pastashop-merano.com\/de\/wp-json\/wp\/v2\/media\/4455"}],"wp:attachment":[{"href":"https:\/\/pastashop-merano.com\/de\/wp-json\/wp\/v2\/media?parent=4456"}],"wp:term":[{"taxonomy":"product_brand","embeddable":true,"href":"https:\/\/pastashop-merano.com\/de\/wp-json\/wp\/v2\/product_brand?post=4456"},{"taxonomy":"product_cat","embeddable":true,"href":"https:\/\/pastashop-merano.com\/de\/wp-json\/wp\/v2\/product_cat?post=4456"},{"taxonomy":"product_tag","embeddable":true,"href":"https:\/\/pastashop-merano.com\/de\/wp-json\/wp\/v2\/product_tag?post=4456"}],"curies":[{"name":"wp","href":"https:\/\/api.w.org\/{rel}","templated":true}]}}